{"id":839,"date":"2019-03-14T14:59:25","date_gmt":"2019-03-14T14:59:25","guid":{"rendered":"https:\/\/outdoorfreak.anders-web.de\/?page_id=839"},"modified":"2024-01-31T13:36:32","modified_gmt":"2024-01-31T13:36:32","slug":"839-2","status":"publish","type":"page","link":"https:\/\/outdoor.anders-web.de\/","title":{"rendered":"Willkommen auf meiner Outdoorseite"},"content":{"rendered":"<div class=\"wp-block-image\">\n<figure class=\"alignright\"><img loading=\"lazy\" decoding=\"async\" width=\"225\" height=\"300\" src=\"https:\/\/outdoorfreak.anders-web.de\/wp-content\/uploads\/2019\/03\/IMG-20170615-WA0031-225x300.jpg\" alt=\"\" class=\"wp-image-392\" srcset=\"https:\/\/outdoor.anders-web.de\/wp-content\/uploads\/2019\/03\/IMG-20170615-WA0031-225x300.jpg 225w, https:\/\/outdoor.anders-web.de\/wp-content\/uploads\/2019\/03\/IMG-20170615-WA0031-768x1024.jpg 768w, https:\/\/outdoor.anders-web.de\/wp-content\/uploads\/2019\/03\/IMG-20170615-WA0031.jpg 780w\" sizes=\"(max-width: 225px) 100vw, 225px\" \/><\/figure><\/div>\n\n\n<p>Tags\u00fcber mindestens 8 Stunden am PC zu sitzen und zu programmieren kann manchmal ganz sch\u00f6n anstrengend sein &#8230; klingt komisch, ist aber so. Besonders, wenn drau\u00dfen die Sonne scheint und Abenteuer in der Natur locken. Das war aber nicht immer so. Es gab Zeiten (vor dem 40.), da hat mich das \u00fcberhaupt nicht gest\u00f6rt. Da war Bewegung in der Natur eher etwas hinderliches, was einem vom &#8222;kreativ sein&#8220; abgehalten hat. Na gut, hin und wieder mal im Urlaub oder an dem einen oder anderen Wochenende, etwas Bewegung, kann ja nicht schaden, aber bitte nicht zu viel! &#8222;Das ist schlecht f\u00fcr die Gelenke!&#8220; So ein Quatsch aber auch &#8230; das zu erkennen, hat eine Weile gedauert. Und 2011 ist es mir dann endlich gelungen, aus dieser halsstarrigen Versenkung aufzutauchen und seither genie\u00dfe ich das Leben in all seinen Facetten mit viel Bewegung an frischer Luft. Ob beim Schwimmen, Laufen, Radfahren, Klettern oder Wandern, es gibt immer etwas zu tun &#8230; Und von dem einen oder anderen &#8222;Abenteuer&#8220; will ich auf diesen Seiten berichten. Von den kleinen und gr\u00f6\u00dferen (pers\u00f6nlichen) Erfolgen und aber auch von Nieder- und R\u00fcckschl\u00e4gen, von eben allem, was das Leben als Hobby-Sportler so zu bieten hat. Viel Spa\u00df bei der Lekt\u00fcre! <\/p>\n","protected":false},"excerpt":{"rendered":"<p>Tags\u00fcber mindestens 8 Stunden am PC zu sitzen und zu programmieren kann manchmal ganz sch\u00f6n anstrengend sein &#8230; klingt komisch, ist aber so. Besonders, wenn drau\u00dfen die Sonne scheint und Abenteuer in der Natur locken. Das war aber nicht immer so. Es gab Zeiten (vor dem 40.), da hat mich das \u00fcberhaupt nicht gest\u00f6rt. Da&hellip;<\/p>\n","protected":false},"author":3,"featured_media":0,"parent":0,"menu_order":0,"comment_status":"closed","ping_status":"closed","template":"","meta":{"footnotes":""},"_links":{"self":[{"href":"https:\/\/outdoor.anders-web.de\/index.php?rest_route=\/wp\/v2\/pages\/839"}],"collection":[{"href":"https:\/\/outdoor.anders-web.de\/index.php?rest_route=\/wp\/v2\/pages"}],"about":[{"href":"https:\/\/outdoor.anders-web.de\/index.php?rest_route=\/wp\/v2\/types\/page"}],"author":[{"embeddable":true,"href":"https:\/\/outdoor.anders-web.de\/index.php?rest_route=\/wp\/v2\/users\/3"}],"replies":[{"embeddable":true,"href":"https:\/\/outdoor.anders-web.de\/index.php?rest_route=%2Fwp%2Fv2%2Fcomments&post=839"}],"version-history":[{"count":7,"href":"https:\/\/outdoor.anders-web.de\/index.php?rest_route=\/wp\/v2\/pages\/839\/revisions"}],"predecessor-version":[{"id":1033,"href":"https:\/\/outdoor.anders-web.de\/index.php?rest_route=\/wp\/v2\/pages\/839\/revisions\/1033"}],"wp:attachment":[{"href":"https:\/\/outdoor.anders-web.de\/index.php?rest_route=%2Fwp%2Fv2%2Fmedia&parent=839"}],"curies":[{"name":"wp","href":"https:\/\/api.w.org\/{rel}","templated":true}]}}