{"id":223,"date":"2018-12-30T16:50:03","date_gmt":"2018-12-30T16:50:03","guid":{"rendered":"https:\/\/outdoorfreak.anders-web.de\/?page_id=223"},"modified":"2019-03-10T18:59:38","modified_gmt":"2019-03-10T18:59:38","slug":"wanderung-durch-das-teufelsloch","status":"publish","type":"page","link":"https:\/\/outdoor.anders-web.de\/?page_id=223","title":{"rendered":"Wanderung durch das &#8222;Teufelsloch&#8220;"},"content":{"rendered":"\n<p>Manchmal will man nur einen kleinen Ausflug ins Gr\u00fcne machen und dann erlebt man ein richtiges kleines Wunder. So geschehen am letzten Sonntag \u2026<\/p>\n\n\n\n<figure class=\"wp-block-image\"><img loading=\"lazy\" decoding=\"async\" width=\"1024\" height=\"576\" src=\"https:\/\/outdoorfreak.anders-web.de\/wp-content\/uploads\/2019\/03\/a1286e61cdbe499281d97712a2cdfef0-1024x576.jpg\" alt=\"\" class=\"wp-image-564\" srcset=\"https:\/\/outdoor.anders-web.de\/wp-content\/uploads\/2019\/03\/a1286e61cdbe499281d97712a2cdfef0-1024x576.jpg 1024w, https:\/\/outdoor.anders-web.de\/wp-content\/uploads\/2019\/03\/a1286e61cdbe499281d97712a2cdfef0-300x169.jpg 300w, https:\/\/outdoor.anders-web.de\/wp-content\/uploads\/2019\/03\/a1286e61cdbe499281d97712a2cdfef0-768x432.jpg 768w, https:\/\/outdoor.anders-web.de\/wp-content\/uploads\/2019\/03\/a1286e61cdbe499281d97712a2cdfef0-1140x641.jpg 1140w, https:\/\/outdoor.anders-web.de\/wp-content\/uploads\/2019\/03\/a1286e61cdbe499281d97712a2cdfef0-540x304.jpg 540w, https:\/\/outdoor.anders-web.de\/wp-content\/uploads\/2019\/03\/a1286e61cdbe499281d97712a2cdfef0.jpg 2048w\" sizes=\"(max-width: 1024px) 100vw, 1024px\" \/><\/figure>\n\n\n\n<p>Ich hatte meine Frau ganz schnell und meinen Sohn nach einiger \u00dcberzeugungsarbeit dazu \u00fcberredet, dass wir am Sonntag nach dem Fr\u00fchst\u00fcck eine kleine Wanderung, ganz in der N\u00e4he von Bayreuth machen wollten. Obwohl nach dem Fr\u00fchst\u00fcck dann eigentlich schon kurz vor dem Mittagessen war, da die Hausaufgaben meines Sohnes etwas mehr Aufmerksamkeit erforderten, als gedacht, tat das der Sache keinen Abbruch und die Sonne strahlte mit uns um die Wette.<\/p>\n\n\n\n<p>Nach kurzer Anfahrt parkten wir am Gasthof &#8222;Drei Linden&#8220; in Tr\u00f6bersdorf und liefen auf der geplanten Route Richtung Oberwaiz. Wir bewegten uns direkt auf dem ausgewiesenen Radweg und so war es nicht verwunderlich, wenn wir ein ums andere mal von diversen Montainbikern \u00fcberholt wurden. Der Weg zog sich ca. 2 Kilometer auf einem staubigen Kiesweg dahin, bis wir direkt im Ort Oberwaiz ankamen. Dort gab es dann schon die ersten Wegweiser &#8222;Zum Teufelsloch&#8220;. Und obwohl wir normalerweise nicht zimperlich sind, w\u00e4hlte wir der Beschilderung gem\u00e4\u00df den &#8222;bequemeren&#8220; Weg. Im Nachhinein erwies sich dies aber als blanker Unsinn, da der &#8222;unbequeme&#8220; Weg keiner war, daf\u00fcr aber wesentlich sch\u00f6ner und romantischer, wie wir auf dem R\u00fcckweg feststellten.<\/p>\n\n\n\n<p>Aber nicht so schlimm. Zun\u00e4chst also erst noch ca. einen Kilometer bis zur Einstiegsstelle des Teufelsloch gewandert und dort empfing uns dann eine wahre &#8222;Wunderwelt&#8220;. Von einem Schritt auf den anderen steht man pl\u00f6tzlich in einer v\u00f6llig anderen Welt. Eben noch auf einer staubigen Landstra\u00dfe, pl\u00f6tzlich in einem verwilderte anmutenden Sandsteinbiotop. Da die Ausl\u00e4ufer der fr\u00e4nkischen Schweiz an dieser Stelle ganze Arbeit geleistet haben, tut sich einem eine Art Miniatur-Schweiz auf. Sandsteinfelsen, zerkl\u00fcftete Brocken, die scheinbar ungeordnet in der Gegend herumliegen und dazwischen ein kleiner Pfad, der teils mit Stiegen und in den Stein gehauenen Stufen pr\u00e4pariert wurde. Dazwischen ein kleines, klares B\u00e4chlein, welches teilweise mittels kleinen Holzbr\u00fccken \u00fcberquert werden kann.<\/p>\n\n\n\n<p>Einfach traumhaft! Und das so dicht vor der &#8222;Haust\u00fcr&#8220;! Wir waren absolut gepl\u00e4ttet. Das hatten wir nicht erwartet. Ich konnte mich gar nicht satt sehen und machte ein Foto nach dem anderen. Selbst unser Sohn vermisste pl\u00f6tzlich sein Handy und seinen Computer \u00fcberhaupt nicht mehr. Er wollte sogar abseits der offiziellen Pfade nach Geocaches suchen, welche sich laut entsprechender App ganz in der N\u00e4he befanden \u2026<\/p>\n\n\n\n<p>Nach ca. 30-40 Minuten hat man das &#8222;Teufelsloch&#8220; dann gem\u00fctlich durchwandert und gelangt auf den Pfad, welcher als &#8222;unbequemer&#8220; Waldweg wieder nach Oberwaiz f\u00fchrt. Wer Hunger hat kann auch einen Ausflug zum ganz in der N\u00e4he befindlichen &#8222;Waldhaus&#8220; einplanen, welches vom Ausgang der Schlucht nach nur 2 Kilometern zu erreichen w\u00e4re.<\/p>\n\n\n\n<p>Wer nicht ganz so gut zu Fu\u00df ist, kann auch direkt am Eingang der Schlucht parken. Allerdings sind da nicht sehr viele Stellpl\u00e4tze vorhanden, also zeitiges Kommen ist sicher nicht von Nachteil.<\/p>\n\n\n\n<p>Alles in allem eine sehr lohnenswerte Tour, die uns mit ca. 8 km und rund zwei Stunden Gehzeit nur wenig belastet hat. Also wer sich auspowern will, der muss dann durch das &#8222;Teufelsloch&#8220; rennen \u2026 \ud83d\ude09 W\u00e4re aber fast schon schade, da man dann weniger zu sehen bekommt! \ud83d\ude00<\/p>\n\n\n\n<ul class=\"wp-block-gallery columns-1 is-cropped wp-block-gallery-1 is-layout-flex wp-block-gallery-is-layout-flex\"><li class=\"blocks-gallery-item\"><figure><img loading=\"lazy\" decoding=\"async\" width=\"1024\" height=\"576\" src=\"https:\/\/outdoorfreak.anders-web.de\/wp-content\/uploads\/2018\/12\/be62104d87a04fc8830cebf69e7934a1-1024x576.jpg\" alt=\"\" data-id=\"224\" data-link=\"https:\/\/outdoorfreak.anders-web.de\/?attachment_id=224\" class=\"wp-image-224\" srcset=\"https:\/\/outdoor.anders-web.de\/wp-content\/uploads\/2018\/12\/be62104d87a04fc8830cebf69e7934a1-1024x576.jpg 1024w, https:\/\/outdoor.anders-web.de\/wp-content\/uploads\/2018\/12\/be62104d87a04fc8830cebf69e7934a1-300x169.jpg 300w, https:\/\/outdoor.anders-web.de\/wp-content\/uploads\/2018\/12\/be62104d87a04fc8830cebf69e7934a1-768x432.jpg 768w, https:\/\/outdoor.anders-web.de\/wp-content\/uploads\/2018\/12\/be62104d87a04fc8830cebf69e7934a1.jpg 2048w\" sizes=\"(max-width: 1024px) 100vw, 1024px\" \/><\/figure><\/li><\/ul>\n","protected":false},"excerpt":{"rendered":"<p>Manchmal will man nur einen kleinen Ausflug ins Gr\u00fcne machen und dann erlebt man ein richtiges kleines Wunder. So geschehen am letzten Sonntag \u2026 Ich hatte meine Frau ganz schnell und meinen Sohn nach einiger \u00dcberzeugungsarbeit dazu \u00fcberredet, dass wir am Sonntag nach dem Fr\u00fchst\u00fcck eine kleine Wanderung, ganz in der N\u00e4he von Bayreuth machen&hellip;<\/p>\n","protected":false},"author":3,"featured_media":0,"parent":0,"menu_order":0,"comment_status":"closed","ping_status":"closed","template":"","meta":{"footnotes":""},"_links":{"self":[{"href":"https:\/\/outdoor.anders-web.de\/index.php?rest_route=\/wp\/v2\/pages\/223"}],"collection":[{"href":"https:\/\/outdoor.anders-web.de\/index.php?rest_route=\/wp\/v2\/pages"}],"about":[{"href":"https:\/\/outdoor.anders-web.de\/index.php?rest_route=\/wp\/v2\/types\/page"}],"author":[{"embeddable":true,"href":"https:\/\/outdoor.anders-web.de\/index.php?rest_route=\/wp\/v2\/users\/3"}],"replies":[{"embeddable":true,"href":"https:\/\/outdoor.anders-web.de\/index.php?rest_route=%2Fwp%2Fv2%2Fcomments&post=223"}],"version-history":[{"count":2,"href":"https:\/\/outdoor.anders-web.de\/index.php?rest_route=\/wp\/v2\/pages\/223\/revisions"}],"predecessor-version":[{"id":565,"href":"https:\/\/outdoor.anders-web.de\/index.php?rest_route=\/wp\/v2\/pages\/223\/revisions\/565"}],"wp:attachment":[{"href":"https:\/\/outdoor.anders-web.de\/index.php?rest_route=%2Fwp%2Fv2%2Fmedia&parent=223"}],"curies":[{"name":"wp","href":"https:\/\/api.w.org\/{rel}","templated":true}]}}