{"id":136,"date":"2018-12-27T15:03:57","date_gmt":"2018-12-27T15:03:57","guid":{"rendered":"https:\/\/outdoorfreak.anders-web.de\/?page_id=136"},"modified":"2019-02-16T17:18:27","modified_gmt":"2019-02-16T17:18:27","slug":"triathlon","status":"publish","type":"page","link":"https:\/\/outdoor.anders-web.de\/?page_id=136","title":{"rendered":"Triathlon"},"content":{"rendered":"\n<p>Irgendwann in den sp\u00e4ten 1990er Jahren habe ich mir eine neue Uhr kaufen wollen und schaute mich im Internet nach geeigneten Modellen um. Damals gab es zwar Amazon, ebay &amp; Co. noch nicht, aber Timex hatte schon eine Internetseite und so wurde ich auf deren Seite f\u00fcndig und entdeckte eine Uhr der Marke &#8222;TIMEX&#8220; mit dem Modellnamen &#8222;IRONMAN&#8220; &#8230; mir gefiel diese Uhr einfach und irgendwoher hatte ich den Begriff &#8222;Ironman&#8220; schon mal geh\u00f6rt. Nachdem die Uhr mein Eigen war und ich die erste Einrichtung abgeschlossen hatte befragte ich wieder das Internet, was denn nun ein &#8222;Ironman&#8220; sei. Und ich wurde f\u00fcndig und staunte nicht schlecht, als ich erfuhr, dass es darum ging 3,8 km zu schwimmen, 180 km mit dem (Renn-)Rad zu fahren und im Anschlu\u00df daran noch einen Marathon zu absolvieren. Da ich zu dieser zeit bereits weit mehr als 100 kg auf den Rippen hatte, ich der denkbar schlechteste Schwimmer, Radfahrer und Ausdauerl\u00e4ufer war, erschien mir es nat\u00fcrlich nicht erstrebenswert ein Ironman zu sein (oder zu werden). Aber beeindruckt war ich nat\u00fcrlich schon und gaaaanz weit hinten in meinem Kopf speicherte ich das Gelesene f\u00fcr mein zweites oder drittes Leben ab &#8230;<\/p>\n\n\n\n<p>Nachdem in den Jahren 2004 und 2006 &#8211; 2008 jeweils mehrere Versuche scheiterten meine Ausdauertugenden aus vergangenen Zeiten zu reaktivieren, gelang es mir 2011 nun endlich wieder regelm\u00e4\u00dfig Sport zu treiben, l\u00e4ngere Strecken zu laufen, mit dem Rad zu fahren und 2012 lernte ich im Prinzip noch mal richtig schwimmen. Vor allem das Schwimmen, welches mir bis dahin immer ein Greul war begann mir mehr und mehr zu gefallen. Ich war zwar nicht schnell aber nachdem ich schon 500 m am St\u00fcck schwimmen konnte ich im Anschlu\u00df dennoch nicht halbtot aus dem Becken kroch begann in mir ein kleiner Keimling an zu reifen. Ich hatte bereits in verschiedenen Laufzeitschriften davon gelesen, dass sich Triathlon als Sportart immer gr\u00f6\u00dferer Beliebtheit erfreut und auch Formate f\u00fcr Hobby-Sportler mit geringeren Distanzen f\u00fcr Einsteiger angeboten werden. Also verk\u00fcndete ich in der Mittagspause meinen staunenden Kollegen: &#8222;N\u00e4chstes Jahr mache ich meinen ersten Triathlon!&#8220;. Gesagt getan &#8230; <\/p>\n","protected":false},"excerpt":{"rendered":"<p>Irgendwann in den sp\u00e4ten 1990er Jahren habe ich mir eine neue Uhr kaufen wollen und schaute mich im Internet nach geeigneten Modellen um. Damals gab es zwar Amazon, ebay &amp; Co. noch nicht, aber Timex hatte schon eine Internetseite und so wurde ich auf deren Seite f\u00fcndig und entdeckte eine Uhr der Marke &#8222;TIMEX&#8220; mit&hellip;<\/p>\n","protected":false},"author":3,"featured_media":41,"parent":0,"menu_order":0,"comment_status":"closed","ping_status":"closed","template":"fullwidth.php","meta":{"footnotes":""},"_links":{"self":[{"href":"https:\/\/outdoor.anders-web.de\/index.php?rest_route=\/wp\/v2\/pages\/136"}],"collection":[{"href":"https:\/\/outdoor.anders-web.de\/index.php?rest_route=\/wp\/v2\/pages"}],"about":[{"href":"https:\/\/outdoor.anders-web.de\/index.php?rest_route=\/wp\/v2\/types\/page"}],"author":[{"embeddable":true,"href":"https:\/\/outdoor.anders-web.de\/index.php?rest_route=\/wp\/v2\/users\/3"}],"replies":[{"embeddable":true,"href":"https:\/\/outdoor.anders-web.de\/index.php?rest_route=%2Fwp%2Fv2%2Fcomments&post=136"}],"version-history":[{"count":1,"href":"https:\/\/outdoor.anders-web.de\/index.php?rest_route=\/wp\/v2\/pages\/136\/revisions"}],"predecessor-version":[{"id":137,"href":"https:\/\/outdoor.anders-web.de\/index.php?rest_route=\/wp\/v2\/pages\/136\/revisions\/137"}],"wp:featuredmedia":[{"embeddable":true,"href":"https:\/\/outdoor.anders-web.de\/index.php?rest_route=\/wp\/v2\/media\/41"}],"wp:attachment":[{"href":"https:\/\/outdoor.anders-web.de\/index.php?rest_route=%2Fwp%2Fv2%2Fmedia&parent=136"}],"curies":[{"name":"wp","href":"https:\/\/api.w.org\/{rel}","templated":true}]}}