{"id":11,"date":"2018-11-14T16:02:35","date_gmt":"2018-11-14T16:02:35","guid":{"rendered":"https:\/\/outdoorfreak.anders-web.de\/?page_id=11"},"modified":"2025-08-11T07:41:17","modified_gmt":"2025-08-11T07:41:17","slug":"kontakt","status":"publish","type":"page","link":"https:\/\/outdoor.anders-web.de\/?page_id=11","title":{"rendered":"Kontakt"},"content":{"rendered":"\n<p>Hat Dir der eine oder andere Beitrag gefallen, m\u00f6chtest Du mehr \u00fcber Vorbereitung, Equipment und Durchf\u00fchrung der &#8222;Abenteuer&#8220; wissen? Schreibe mir per Mail, WhatsApp oder hinterlasse einen Kommentar zu einem der Beitr\u00e4ge. \ud83d\ude09<\/p>\n\n\n\n<div class=\"wp-block-button\"><a class=\"wp-block-button__link wp-element-button\" href=\"https:\/\/outdoor.anders-web.de\/?page_id=619\">zum Kontaktformular<\/a><\/div>\n\n\n\n<p>Thoralf Anders<br>Erich-Weinert-Stra\u00dfe 19<br>07546 Gera<br>Mobilphon: +49 (0) 365 &#8211; 77 388 692<\/p>\n\n\n\n<p><a href=\"https:\/\/outdoor.anders-web.de\/?page_id=595\" target=\"_blank\" rel=\"noreferrer noopener\">Informationen zu Impressum und Datenschutz<\/a><\/p>\n","protected":false},"excerpt":{"rendered":"<p>Hat Dir der eine oder andere Beitrag gefallen, m\u00f6chtest Du mehr \u00fcber Vorbereitung, Equipment und Durchf\u00fchrung der &#8222;Abenteuer&#8220; wissen? Schreibe mir per Mail, WhatsApp oder hinterlasse einen Kommentar zu einem der Beitr\u00e4ge. \ud83d\ude09 Thoralf AndersErich-Weinert-Stra\u00dfe 1907546 GeraMobilphon: +49 (0) 365 &#8211; 77 388 692 Informationen zu Impressum und Datenschutz<\/p>\n","protected":false},"author":3,"featured_media":53,"parent":0,"menu_order":0,"comment_status":"closed","ping_status":"closed","template":"","meta":{"footnotes":""},"_links":{"self":[{"href":"https:\/\/outdoor.anders-web.de\/index.php?rest_route=\/wp\/v2\/pages\/11"}],"collection":[{"href":"https:\/\/outdoor.anders-web.de\/index.php?rest_route=\/wp\/v2\/pages"}],"about":[{"href":"https:\/\/outdoor.anders-web.de\/index.php?rest_route=\/wp\/v2\/types\/page"}],"author":[{"embeddable":true,"href":"https:\/\/outdoor.anders-web.de\/index.php?rest_route=\/wp\/v2\/users\/3"}],"replies":[{"embeddable":true,"href":"https:\/\/outdoor.anders-web.de\/index.php?rest_route=%2Fwp%2Fv2%2Fcomments&post=11"}],"version-history":[{"count":13,"href":"https:\/\/outdoor.anders-web.de\/index.php?rest_route=\/wp\/v2\/pages\/11\/revisions"}],"predecessor-version":[{"id":1052,"href":"https:\/\/outdoor.anders-web.de\/index.php?rest_route=\/wp\/v2\/pages\/11\/revisions\/1052"}],"wp:featuredmedia":[{"embeddable":true,"href":"https:\/\/outdoor.anders-web.de\/index.php?rest_route=\/wp\/v2\/media\/53"}],"wp:attachment":[{"href":"https:\/\/outdoor.anders-web.de\/index.php?rest_route=%2Fwp%2Fv2%2Fmedia&parent=11"}],"curies":[{"name":"wp","href":"https:\/\/api.w.org\/{rel}","templated":true}]}}