{"id":10,"date":"2018-11-14T16:02:35","date_gmt":"2018-11-14T16:02:35","guid":{"rendered":"https:\/\/outdoorfreak.anders-web.de\/?page_id=10"},"modified":"2019-03-14T16:20:56","modified_gmt":"2019-03-14T16:20:56","slug":"ueber-mich","status":"publish","type":"page","link":"https:\/\/outdoor.anders-web.de\/?page_id=10","title":{"rendered":"\u00dcber mich"},"content":{"rendered":"\n<div class=\"wp-block-image\"><figure class=\"alignleft\"><img loading=\"lazy\" decoding=\"async\" width=\"163\" height=\"300\" src=\"https:\/\/outdoorfreak.anders-web.de\/wp-content\/uploads\/2019\/03\/TA_2008-163x300.jpg\" alt=\"\" class=\"wp-image-853\" srcset=\"https:\/\/outdoor.anders-web.de\/wp-content\/uploads\/2019\/03\/TA_2008-163x300.jpg 163w, https:\/\/outdoor.anders-web.de\/wp-content\/uploads\/2019\/03\/TA_2008-768x1415.jpg 768w, https:\/\/outdoor.anders-web.de\/wp-content\/uploads\/2019\/03\/TA_2008-556x1024.jpg 556w, https:\/\/outdoor.anders-web.de\/wp-content\/uploads\/2019\/03\/TA_2008.jpg 1052w\" sizes=\"(max-width: 163px) 100vw, 163px\" \/><figcaption>Ich im Sommer 2008<\/figcaption><\/figure><\/div>\n\n\n\n<p>Geboren im Erzgebirge, aufgewachsen in Chemnitz und Plauen bin ich Anfang Vierzig berufsbedingt nach Oberfranken &#8222;eingewandert&#8220;. Zun\u00e4chst um meiner Karriere neuen Schwung zu verleihen habe ich seither die Gegend und die Menschen in mein Herz geschlossen. Oberfranken ist mir heute mehr Heimat, als es das Vogtland (wo ich immerhin die H\u00e4lfte meines bisherigen Lebens verbracht habe) je sein konnte. Das hat aber wohl auch damit zu tun, dass ich Anfang vierzig meinem Leben neue Impulse verliehen habe. War ich bis dahin eher der beruflichen Entwicklung stark zugeneigt, hat sich dies mit dem Wechsel nach Franken mehr zu Gunsten  privater Ambitionen ver\u00e4ndert.  Beruflich war ich sozusagen &#8222;ausentwickelt&#8220; und wollte nun mehr Schwung in meine Freizeitaktivit\u00e4ten bringen. <\/p>\n\n\n\n<div class=\"wp-block-image\"><figure class=\"alignright\"><img loading=\"lazy\" decoding=\"async\" width=\"207\" height=\"300\" src=\"https:\/\/outdoorfreak.anders-web.de\/wp-content\/uploads\/2019\/03\/TTA-207x300.jpg\" alt=\"\" class=\"wp-image-854\" srcset=\"https:\/\/outdoor.anders-web.de\/wp-content\/uploads\/2019\/03\/TTA-207x300.jpg 207w, https:\/\/outdoor.anders-web.de\/wp-content\/uploads\/2019\/03\/TTA.jpg 330w\" sizes=\"(max-width: 207px) 100vw, 207px\" \/><figcaption>Ich im Sommer 2016<\/figcaption><\/figure><\/div>\n\n\n\n<p>Dies auch dem Umstand geschuldet, dass ich es leid war mit fast vierzig Kilo \u00dcbergewicht herum zu laufen. Also habe ich mit 43 Jahren wieder angefangen zu joggen, Fahrrad zu fahren und noch mal ganz neu Schwimmen gelernt. Und es hat sich gelohnt. Das \u00dcbergewicht habe ich verloren und bin heute so oft es geht &#8222;Outdoor&#8220; unterwegs. Ob mit Freunden, der Familie oder im Verein, spielt dabei nicht die ganz gro\u00dfe Rolle. Hauptsache Bewegung! Inzwischen zu einem echten Grundbed\u00fcrfnis geworden. Und da ich zwar nicht unbedingt eine Plaudertasche bin, aber gerne schreibe und nat\u00fcrlich auch ein wenig stolz und eitel bin, nutze ich diese Seiten um von den kleinen und gro\u00dfen Abenteuern und Freizeitaktivit\u00e4ten zu berichten. Viel Spa\u00df damit und nat\u00fcrlich d\u00fcrfen diese Seiten auch gerne geteilt, &#8222;gelikt&#8220; und verlinkt    werden \ud83d\ude09 <\/p>\n","protected":false},"excerpt":{"rendered":"<p>Geboren im Erzgebirge, aufgewachsen in Chemnitz und Plauen bin ich Anfang Vierzig berufsbedingt nach Oberfranken &#8222;eingewandert&#8220;. Zun\u00e4chst um meiner Karriere neuen Schwung zu verleihen habe ich seither die Gegend und die Menschen in mein Herz geschlossen. Oberfranken ist mir heute mehr Heimat, als es das Vogtland (wo ich immerhin die H\u00e4lfte meines bisherigen Lebens verbracht&hellip;<\/p>\n","protected":false},"author":3,"featured_media":0,"parent":0,"menu_order":0,"comment_status":"closed","ping_status":"closed","template":"","meta":{"footnotes":""},"_links":{"self":[{"href":"https:\/\/outdoor.anders-web.de\/index.php?rest_route=\/wp\/v2\/pages\/10"}],"collection":[{"href":"https:\/\/outdoor.anders-web.de\/index.php?rest_route=\/wp\/v2\/pages"}],"about":[{"href":"https:\/\/outdoor.anders-web.de\/index.php?rest_route=\/wp\/v2\/types\/page"}],"author":[{"embeddable":true,"href":"https:\/\/outdoor.anders-web.de\/index.php?rest_route=\/wp\/v2\/users\/3"}],"replies":[{"embeddable":true,"href":"https:\/\/outdoor.anders-web.de\/index.php?rest_route=%2Fwp%2Fv2%2Fcomments&post=10"}],"version-history":[{"count":6,"href":"https:\/\/outdoor.anders-web.de\/index.php?rest_route=\/wp\/v2\/pages\/10\/revisions"}],"predecessor-version":[{"id":855,"href":"https:\/\/outdoor.anders-web.de\/index.php?rest_route=\/wp\/v2\/pages\/10\/revisions\/855"}],"wp:attachment":[{"href":"https:\/\/outdoor.anders-web.de\/index.php?rest_route=%2Fwp%2Fv2%2Fmedia&parent=10"}],"curies":[{"name":"wp","href":"https:\/\/api.w.org\/{rel}","templated":true}]}}